{"id":39,"date":"2022-05-02T20:45:10","date_gmt":"2022-05-02T20:45:10","guid":{"rendered":"https:\/\/longeveden.com\/?page_id=39"},"modified":"2022-05-02T20:45:11","modified_gmt":"2022-05-02T20:45:11","slug":"aviso-de-privacidad-de-solicitud-de-empleo","status":"publish","type":"page","link":"https:\/\/longeveden.com\/index.php\/aviso-de-privacidad-de-solicitud-de-empleo\/","title":{"rendered":"Aviso de Privacidad de Solicitud de Empleo"},"content":{"rendered":"\n<p>LONGEVEDEN, S.A. DE C.V. (en adelante, \u201cla empresa\u201d) reconoce que estar\u00e1 recibiendo en su plataforma inform\u00e1tica de gesti\u00f3n de bolsa de trabajo (en adelante \u201cel sistema\u201d) datos personales tuyos (en adelante \u201cel usuario\u201d). Estos datos se utilizar\u00e1n \u00fanicamente para el prop\u00f3sito de gesti\u00f3n de procesos de bolsa de trabajo y reclutamiento por la empresa. Salvo para cumplir la finalidad de lo anterior, no compartiremos tus datos voluntariamente con ning\u00fan tercero.<\/p>\n\n\n\n<p>Tu informaci\u00f3n personal ser\u00e1 utilizada por la empresa para gestionar sus procesos de bolsa de trabajo y reclutamiento y otros procesos similares. Para las finalidades antes mencionadas, ser\u00e1 necesario que registres los siguientes datos personales: nombre completo, correo electr\u00f3nico, tel\u00e9fonos de contacto (no obligatorio), ciudad \/ estado de residencia, experiencia laboral, estudios acad\u00e9micos y dem\u00e1s informaci\u00f3n curricular. Todo esto a trav\u00e9s de plantillas electr\u00f3nicas de recolecci\u00f3n de datos proporcionadas por nuestros sistemas o el uso autorizado de informaci\u00f3n de otros sitios o redes sociales.<\/p>\n\n\n\n<p>Al registrarse en nuestro sistema, el usuario da consentimiento impl\u00edcito del uso de sus datos personales para los fines mencionados anteriormente por parte de la empresa. El usuario tiene derecho de acceder, rectificar y cancelar sus datos personales, as\u00ed como de oponerse al tratamiento de los mismos o revocar el consentimiento que para tal fin nos haya otorgado, a trav\u00e9s de los procedimientos que hemos implementado. Para conocer dichos procedimientos, los requisitos y plazas, se puede poner en contacto con nuestro departamento de datos personales y servicio al cliente.<\/p>\n\n\n\n<p>De igual forma, al registrarte en nuestro sistema, reconoces que el sistema puede incluir enlaces a sitios web de terceros, que de accederse, ocasionar\u00e1 que se abandone el sitio web de la empresa, por lo cual la empresa no asume ninguna responsabilidad en relaci\u00f3n con esos sitios web de terceros. El sistema puede incluir enlaces a sitios que administran redes sociales, en cuyo caso aceptas que al proporcionar cualquier tipo de informaci\u00f3n o datos en dichos sitios, ocasionar\u00e1 que la misma pueda ser le\u00edda, vista, accedida, retransmitida y tratada por cualquier persona, y por lo tanto libera de cualquier responsabilidad a la empresa. Es posible que los sistemas de la empresa recopilen datos del usuario tales como tipo de navegador, sistema operativo, p\u00e1ginas de internet visitadas, direcci\u00f3n IP, entre otros a trav\u00e9s de \u201ccookies\u201d. El usuario declara que no ha proporcionado y en ning\u00fan caso proporcionar\u00e1 a la empresa \u201cdatos personales sensibles\u201d, es decir, aquellos datos personales \u00edntimos o cuya utilizaci\u00f3n debida o indebida pueda dar origen a discriminaci\u00f3n o conlleve un riesgo grave para \u00e9ste. En particular, el usuario se obliga a no proporcionar ning\u00fan dato relativo a origen racial o \u00e9tnico, estado de salud presente y futuro, informaci\u00f3n gen\u00e9tica, creencias religiosas, filos\u00f3ficas o morales, afiliaci\u00f3n sindical, opiniones pol\u00edticas o preferencia sexual.<\/p>\n\n\n\n<p>El usuario est\u00e1 de acuerdo y conforme en que cualquier cambio a este \u201cAviso de privacidad\u201d o a las pol\u00edticas de privacidad se notifique mediante su publicaci\u00f3n en la p\u00e1gina de internet de la empresa. Es obligaci\u00f3n del titular visitar peri\u00f3dicamente dicho sitio a fin de verificar la versi\u00f3n m\u00e1s actual del Aviso de privacidad.<\/p>\n\n\n\n<p>Fecha \u00faltima actualizaci\u00f3n: lunes, 2 de mayo de 2022<\/p>\n","protected":false},"excerpt":{"rendered":"<p>LONGEVEDEN, S.A. DE C.V. (en adelante, \u201cla empresa\u201d) reconoce que estar\u00e1 recibiendo en su plataforma inform\u00e1tica de gesti\u00f3n de bolsa de trabajo (en adelante \u201cel sistema\u201d) datos personales tuyos (en adelante \u201cel usuario\u201d). Estos datos se utilizar\u00e1n \u00fanicamente para el prop\u00f3sito de gesti\u00f3n de procesos de bolsa de trabajo y reclutamiento por la empresa. Salvo &hellip; <\/p>\n<div class=\"link-more\"><a href=\"https:\/\/longeveden.com\/index.php\/aviso-de-privacidad-de-solicitud-de-empleo\/\" class=\"more-link\">Read More<span class=\"screen-reader-text\"> &#8220;Aviso de Privacidad de Solicitud de Empleo&#8221;<\/span><\/a><\/div>\n","protected":false},"author":1,"featured_media":0,"parent":0,"menu_order":0,"comment_status":"closed","ping_status":"closed","template":"","meta":{"om_disable_all_campaigns":false,"_monsterinsights_skip_tracking":false,"_monsterinsights_sitenote_active":false,"_monsterinsights_sitenote_note":"","_monsterinsights_sitenote_category":0},"_links":{"self":[{"href":"https:\/\/longeveden.com\/index.php\/wp-json\/wp\/v2\/pages\/39"}],"collection":[{"href":"https:\/\/longeveden.com\/index.php\/wp-json\/wp\/v2\/pages"}],"about":[{"href":"https:\/\/longeveden.com\/index.php\/wp-json\/wp\/v2\/types\/page"}],"author":[{"embeddable":true,"href":"https:\/\/longeveden.com\/index.php\/wp-json\/wp\/v2\/users\/1"}],"replies":[{"embeddable":true,"href":"https:\/\/longeveden.com\/index.php\/wp-json\/wp\/v2\/comments?post=39"}],"version-history":[{"count":2,"href":"https:\/\/longeveden.com\/index.php\/wp-json\/wp\/v2\/pages\/39\/revisions"}],"predecessor-version":[{"id":49,"href":"https:\/\/longeveden.com\/index.php\/wp-json\/wp\/v2\/pages\/39\/revisions\/49"}],"wp:attachment":[{"href":"https:\/\/longeveden.com\/index.php\/wp-json\/wp\/v2\/media?parent=39"}],"curies":[{"name":"wp","href":"https:\/\/api.w.org\/{rel}","templated":true}]}}